{"id":456,"date":"2025-01-28T13:35:22","date_gmt":"2025-01-28T12:35:22","guid":{"rendered":"https:\/\/babekenergia.hu\/?page_id=456"},"modified":"2025-06-01T17:37:16","modified_gmt":"2025-06-01T15:37:16","slug":"kapcsolat","status":"publish","type":"page","link":"https:\/\/babekenergia.hu\/?page_id=456","title":{"rendered":"Kapcsolat"},"content":{"rendered":"\t\t<div data-elementor-type=\"wp-page\" data-elementor-id=\"456\" class=\"elementor elementor-456\">\n\t\t\t\t<div class=\"elementor-element elementor-element-9370f57 e-flex e-con-boxed e-con e-parent\" data-id=\"9370f57\" data-element_type=\"container\" data-e-type=\"container\">\n\t\t\t\t\t<div class=\"e-con-inner\">\n\t\t\t\t<div class=\"elementor-element elementor-element-d37cf6d elementor-widget elementor-widget-heading\" data-id=\"d37cf6d\" data-element_type=\"widget\" data-e-type=\"widget\" data-widget_type=\"heading.default\">\n\t\t\t\t<div class=\"elementor-widget-container\">\n\t\t\t\t\t<h2 class=\"elementor-heading-title elementor-size-default\"><br>Helysz\u00edn: 2943, B\u00e1bolna J\u00f3kai M\u00f3r utca 12<br><\/h2>\t\t\t\t<\/div>\n\t\t\t\t<\/div>\n\t\t\t\t<div class=\"elementor-element elementor-element-ab080b6 elementor-widget elementor-widget-google_maps\" data-id=\"ab080b6\" data-element_type=\"widget\" data-e-type=\"widget\" data-widget_type=\"google_maps.default\">\n\t\t\t\t<div class=\"elementor-widget-container\">\n\t\t\t\t\t\t\t<div class=\"elementor-custom-embed\">\n\t\t\t<iframe loading=\"lazy\"\n\t\t\t\t\tsrc=\"https:\/\/maps.google.com\/maps?q=2943%20B%C3%A1bolna%2C%20J%C3%B3kai%20M%C3%B3r%20utca%2012&#038;t=m&#038;z=9&#038;output=embed&#038;iwloc=near\"\n\t\t\t\t\ttitle=\"2943 B\u00e1bolna, J\u00f3kai M\u00f3r utca 12\"\n\t\t\t\t\taria-label=\"2943 B\u00e1bolna, J\u00f3kai M\u00f3r utca 12\"\n\t\t\t><\/iframe>\n\t\t<\/div>\n\t\t\t\t\t\t<\/div>\n\t\t\t\t<\/div>\n\t\t\t\t\t<\/div>\n\t\t\t\t<\/div>\n\t\t<div class=\"elementor-element elementor-element-b0792ea e-flex e-con-boxed e-con e-parent\" data-id=\"b0792ea\" data-element_type=\"container\" data-e-type=\"container\">\n\t\t\t\t\t<div class=\"e-con-inner\">\n\t\t\t\t<div class=\"elementor-element elementor-element-9fe5e40 elementor-widget elementor-widget-text-editor\" data-id=\"9fe5e40\" data-element_type=\"widget\" data-e-type=\"widget\" data-widget_type=\"text-editor.default\">\n\t\t\t\t<div class=\"elementor-widget-container\">\n\t\t\t\t\t\t\t\t\t<h1>Ha k\u00e9rd\u00e9sed van, keresd csapatunkat bizalommal!<\/h1><div>\u00a0<\/div><p><b>\u00a0 \u00a0 \u00a0 \u00a0Dr. Bacs\u00e1rdi J\u00f3zsef <span class=\"Apple-converted-space\">\u00a0 \u00a0 \u00a0 \u00a0 <\/span><\/b><br \/>B\u00e1bolna V\u00e1ros jegyz\u0151je<br \/>Telefon: 20\/284-8108<\/p><p><b>Gerend\u00e1s Szabolcs<\/b><br \/>Gerinfo Kft.<br \/>Telefon: 30\/400-5791<\/p><p><b>Horv\u00e1th D\u00e1niel<\/b><br \/>M\u0171szaki manager, B\u00e1bolna Energiak\u00f6z\u00f6ss\u00e9g Kft.<br \/>Telefon: 20\/284-8182\u00a0e-mail: energiakozosseg@babolna.hu<\/p>\t\t\t\t\t\t\t\t<\/div>\n\t\t\t\t<\/div>\n\t\t\t\t\t<\/div>\n\t\t\t\t<\/div>\n\t\t<div class=\"elementor-element elementor-element-41692fb e-flex e-con-boxed e-con e-parent\" data-id=\"41692fb\" data-element_type=\"container\" data-e-type=\"container\">\n\t\t\t\t\t<div class=\"e-con-inner\">\n\t\t\t\t<div class=\"elementor-element elementor-element-deccc0a elementor-widget elementor-widget-image\" data-id=\"deccc0a\" data-element_type=\"widget\" data-e-type=\"widget\" data-widget_type=\"image.default\">\n\t\t\t\t<div class=\"elementor-widget-container\">\n\t\t\t\t\t\t\t\t\t\t\t\t\t\t\t<img decoding=\"async\" data-attachment-id=\"490\" data-permalink=\"https:\/\/babekenergia.hu\/?attachment_id=490\" data-orig-file=\"https:\/\/i0.wp.com\/babekenergia.hu\/wp-content\/uploads\/2025\/01\/BEK_logo_kerek-2.png?fit=1123%2C1123&amp;ssl=1\" data-orig-size=\"1123,1123\" data-comments-opened=\"1\" data-image-meta=\"{&quot;aperture&quot;:&quot;0&quot;,&quot;credit&quot;:&quot;&quot;,&quot;camera&quot;:&quot;&quot;,&quot;caption&quot;:&quot;&quot;,&quot;created_timestamp&quot;:&quot;0&quot;,&quot;copyright&quot;:&quot;&quot;,&quot;focal_length&quot;:&quot;0&quot;,&quot;iso&quot;:&quot;0&quot;,&quot;shutter_speed&quot;:&quot;0&quot;,&quot;title&quot;:&quot;&quot;,&quot;orientation&quot;:&quot;0&quot;}\" data-image-title=\"BEK_logo_kerek-2\" data-image-description=\"\" data-image-caption=\"\" data-large-file=\"https:\/\/i0.wp.com\/babekenergia.hu\/wp-content\/uploads\/2025\/01\/BEK_logo_kerek-2.png?fit=1024%2C1024&amp;ssl=1\" width=\"150\" height=\"150\" src=\"https:\/\/i0.wp.com\/babekenergia.hu\/wp-content\/uploads\/2025\/01\/BEK_logo_kerek-2.png?resize=150%2C150&amp;ssl=1\" class=\"attachment-thumbnail size-thumbnail wp-image-490\" alt=\"\" srcset=\"https:\/\/i0.wp.com\/babekenergia.hu\/wp-content\/uploads\/2025\/01\/BEK_logo_kerek-2.png?w=1123&amp;ssl=1 1123w, https:\/\/i0.wp.com\/babekenergia.hu\/wp-content\/uploads\/2025\/01\/BEK_logo_kerek-2.png?resize=300%2C300&amp;ssl=1 300w, https:\/\/i0.wp.com\/babekenergia.hu\/wp-content\/uploads\/2025\/01\/BEK_logo_kerek-2.png?resize=1024%2C1024&amp;ssl=1 1024w, https:\/\/i0.wp.com\/babekenergia.hu\/wp-content\/uploads\/2025\/01\/BEK_logo_kerek-2.png?resize=150%2C150&amp;ssl=1 150w, https:\/\/i0.wp.com\/babekenergia.hu\/wp-content\/uploads\/2025\/01\/BEK_logo_kerek-2.png?resize=768%2C768&amp;ssl=1 768w, https:\/\/i0.wp.com\/babekenergia.hu\/wp-content\/uploads\/2025\/01\/BEK_logo_kerek-2.png?resize=800%2C800&amp;ssl=1 800w, https:\/\/i0.wp.com\/babekenergia.hu\/wp-content\/uploads\/2025\/01\/BEK_logo_kerek-2.png?resize=600%2C600&amp;ssl=1 600w, https:\/\/i0.wp.com\/babekenergia.hu\/wp-content\/uploads\/2025\/01\/BEK_logo_kerek-2.png?resize=400%2C400&amp;ssl=1 400w, https:\/\/i0.wp.com\/babekenergia.hu\/wp-content\/uploads\/2025\/01\/BEK_logo_kerek-2.png?resize=200%2C200&amp;ssl=1 200w, https:\/\/i0.wp.com\/babekenergia.hu\/wp-content\/uploads\/2025\/01\/BEK_logo_kerek-2.png?resize=100%2C100&amp;ssl=1 100w\" sizes=\"(max-width: 150px) 100vw, 150px\" data-attachment-id=\"490\" data-permalink=\"https:\/\/babekenergia.hu\/?attachment_id=490\" data-orig-file=\"https:\/\/i0.wp.com\/babekenergia.hu\/wp-content\/uploads\/2025\/01\/BEK_logo_kerek-2.png?fit=1123%2C1123&amp;ssl=1\" data-orig-size=\"1123,1123\" data-comments-opened=\"1\" data-image-meta=\"{&quot;aperture&quot;:&quot;0&quot;,&quot;credit&quot;:&quot;&quot;,&quot;camera&quot;:&quot;&quot;,&quot;caption&quot;:&quot;&quot;,&quot;created_timestamp&quot;:&quot;0&quot;,&quot;copyright&quot;:&quot;&quot;,&quot;focal_length&quot;:&quot;0&quot;,&quot;iso&quot;:&quot;0&quot;,&quot;shutter_speed&quot;:&quot;0&quot;,&quot;title&quot;:&quot;&quot;,&quot;orientation&quot;:&quot;0&quot;}\" data-image-title=\"BEK_logo_kerek-2\" data-image-description=\"\" data-image-caption=\"\" data-large-file=\"https:\/\/i0.wp.com\/babekenergia.hu\/wp-content\/uploads\/2025\/01\/BEK_logo_kerek-2.png?fit=1024%2C1024&amp;ssl=1\" \/>\t\t\t\t\t\t\t\t\t\t\t\t\t\t\t<\/div>\n\t\t\t\t<\/div>\n\t\t\t\t<div class=\"elementor-element elementor-element-1b95180 elementor-widget elementor-widget-spacer\" data-id=\"1b95180\" data-element_type=\"widget\" data-e-type=\"widget\" data-widget_type=\"spacer.default\">\n\t\t\t\t<div class=\"elementor-widget-container\">\n\t\t\t\t\t\t\t<div class=\"elementor-spacer\">\n\t\t\t<div class=\"elementor-spacer-inner\"><\/div>\n\t\t<\/div>\n\t\t\t\t\t\t<\/div>\n\t\t\t\t<\/div>\n\t\t\t\t\t<\/div>\n\t\t\t\t<\/div>\n\t\t<div class=\"elementor-element elementor-element-3c2f331 e-grid e-con-boxed e-con e-parent\" data-id=\"3c2f331\" data-element_type=\"container\" data-e-type=\"container\">\n\t\t\t\t\t<div class=\"e-con-inner\">\n\t\t\t\t<div class=\"elementor-element elementor-element-170ad3f elementor-view-default elementor-widget elementor-widget-icon\" data-id=\"170ad3f\" data-element_type=\"widget\" data-e-type=\"widget\" data-widget_type=\"icon.default\">\n\t\t\t\t<div class=\"elementor-widget-container\">\n\t\t\t\t\t\t\t<div class=\"elementor-icon-wrapper\">\n\t\t\t<div class=\"elementor-icon\">\n\t\t\t<svg aria-hidden=\"true\" class=\"e-font-icon-svg e-fab-linkedin\" viewBox=\"0 0 448 512\" xmlns=\"http:\/\/www.w3.org\/2000\/svg\"><path d=\"M416 32H31.9C14.3 32 0 46.5 0 64.3v383.4C0 465.5 14.3 480 31.9 480H416c17.6 0 32-14.5 32-32.3V64.3c0-17.8-14.4-32.3-32-32.3zM135.4 416H69V202.2h66.5V416zm-33.2-243c-21.3 0-38.5-17.3-38.5-38.5S80.9 96 102.2 96c21.2 0 38.5 17.3 38.5 38.5 0 21.3-17.2 38.5-38.5 38.5zm282.1 243h-66.4V312c0-24.8-.5-56.7-34.5-56.7-34.6 0-39.9 27-39.9 54.9V416h-66.4V202.2h63.7v29.2h.9c8.9-16.8 30.6-34.5 62.9-34.5 67.2 0 79.7 44.3 79.7 101.9V416z\"><\/path><\/svg>\t\t\t<\/div>\n\t\t<\/div>\n\t\t\t\t\t\t<\/div>\n\t\t\t\t<\/div>\n\t\t\t\t<div class=\"elementor-element elementor-element-6d2a41c elementor-view-default elementor-widget elementor-widget-icon\" data-id=\"6d2a41c\" data-element_type=\"widget\" data-e-type=\"widget\" data-widget_type=\"icon.default\">\n\t\t\t\t<div class=\"elementor-widget-container\">\n\t\t\t\t\t\t\t<div class=\"elementor-icon-wrapper\">\n\t\t\t<div class=\"elementor-icon\">\n\t\t\t<svg aria-hidden=\"true\" class=\"e-font-icon-svg e-fab-facebook-square\" viewBox=\"0 0 448 512\" xmlns=\"http:\/\/www.w3.org\/2000\/svg\"><path d=\"M400 32H48A48 48 0 0 0 0 80v352a48 48 0 0 0 48 48h137.25V327.69h-63V256h63v-54.64c0-62.15 37-96.48 93.67-96.48 27.14 0 55.52 4.84 55.52 4.84v61h-31.27c-30.81 0-40.42 19.12-40.42 38.73V256h68.78l-11 71.69h-57.78V480H400a48 48 0 0 0 48-48V80a48 48 0 0 0-48-48z\"><\/path><\/svg>\t\t\t<\/div>\n\t\t<\/div>\n\t\t\t\t\t\t<\/div>\n\t\t\t\t<\/div>\n\t\t\t\t\t<\/div>\n\t\t\t\t<\/div>\n\t\t<div class=\"elementor-element elementor-element-63930b9 e-flex e-con-boxed e-con e-parent\" data-id=\"63930b9\" data-element_type=\"container\" data-e-type=\"container\">\n\t\t\t\t\t<div class=\"e-con-inner\">\n\t\t\t\t<div class=\"elementor-element elementor-element-91662a1 elementor-widget elementor-widget-spacer\" data-id=\"91662a1\" data-element_type=\"widget\" data-e-type=\"widget\" data-widget_type=\"spacer.default\">\n\t\t\t\t<div class=\"elementor-widget-container\">\n\t\t\t\t\t\t\t<div class=\"elementor-spacer\">\n\t\t\t<div class=\"elementor-spacer-inner\"><\/div>\n\t\t<\/div>\n\t\t\t\t\t\t<\/div>\n\t\t\t\t<\/div>\n\t\t\t\t\t<\/div>\n\t\t\t\t<\/div>\n\t\t<div class=\"elementor-element elementor-element-35e5637 e-flex e-con-boxed e-con e-parent\" data-id=\"35e5637\" data-element_type=\"container\" data-e-type=\"container\">\n\t\t\t\t\t<div class=\"e-con-inner\">\n\t\t\t\t\t<\/div>\n\t\t\t\t<\/div>\n\t\t<div class=\"elementor-element elementor-element-ad0a857 e-flex e-con-boxed e-con e-parent\" data-id=\"ad0a857\" data-element_type=\"container\" data-e-type=\"container\">\n\t\t\t\t\t<div class=\"e-con-inner\">\n\t\t\t\t\t<\/div>\n\t\t\t\t<\/div>\n\t\t<div class=\"elementor-element elementor-element-c83d55a e-flex e-con-boxed e-con e-parent\" data-id=\"c83d55a\" data-element_type=\"container\" data-e-type=\"container\">\n\t\t\t\t\t<div class=\"e-con-inner\">\n\t\t\t\t\t<\/div>\n\t\t\t\t<\/div>\n\t\t<div class=\"elementor-element elementor-element-6baada7 e-flex e-con-boxed e-con e-parent\" data-id=\"6baada7\" data-element_type=\"container\" data-e-type=\"container\">\n\t\t\t\t\t<div class=\"e-con-inner\">\n\t\t\t\t\t<\/div>\n\t\t\t\t<\/div>\n\t\t\t\t<\/div>\n\t\t","protected":false},"excerpt":{"rendered":"","protected":false},"author":258109017,"featured_media":0,"parent":0,"menu_order":0,"comment_status":"closed","ping_status":"closed","template":"","meta":{"_crdt_document":"","advanced_seo_description":"","jetpack_seo_html_title":"","jetpack_seo_noindex":false,"footnotes":""},"class_list":["post-456","page","type-page","status-publish","hentry"],"jetpack_likes_enabled":true,"jetpack_sharing_enabled":true,"jetpack_shortlink":"https:\/\/wp.me\/Pga33P-7m","jetpack-related-posts":[],"_links":{"self":[{"href":"https:\/\/babekenergia.hu\/index.php?rest_route=\/wp\/v2\/pages\/456","targetHints":{"allow":["GET"]}}],"collection":[{"href":"https:\/\/babekenergia.hu\/index.php?rest_route=\/wp\/v2\/pages"}],"about":[{"href":"https:\/\/babekenergia.hu\/index.php?rest_route=\/wp\/v2\/types\/page"}],"author":[{"embeddable":true,"href":"https:\/\/babekenergia.hu\/index.php?rest_route=\/wp\/v2\/users\/258109017"}],"replies":[{"embeddable":true,"href":"https:\/\/babekenergia.hu\/index.php?rest_route=%2Fwp%2Fv2%2Fcomments&post=456"}],"version-history":[{"count":22,"href":"https:\/\/babekenergia.hu\/index.php?rest_route=\/wp\/v2\/pages\/456\/revisions"}],"predecessor-version":[{"id":760,"href":"https:\/\/babekenergia.hu\/index.php?rest_route=\/wp\/v2\/pages\/456\/revisions\/760"}],"wp:attachment":[{"href":"https:\/\/babekenergia.hu\/index.php?rest_route=%2Fwp%2Fv2%2Fmedia&parent=456"}],"curies":[{"name":"wp","href":"https:\/\/api.w.org\/{rel}","templated":true}]}}