{"id":560,"date":"2025-03-21T17:33:24","date_gmt":"2025-03-21T16:33:24","guid":{"rendered":"https:\/\/babekenergia.hu\/?page_id=560"},"modified":"2025-06-01T18:40:24","modified_gmt":"2025-06-01T16:40:24","slug":"celjaink","status":"publish","type":"page","link":"https:\/\/babekenergia.hu\/?page_id=560","title":{"rendered":"C\u00e9ljaink"},"content":{"rendered":"\n<p class=\"wp-block-paragraph\"><\/p>\n\n\n\n<figure class=\"wp-block-image aligncenter size-full\" style=\"margin-top:0;margin-right:0px;margin-bottom:0;margin-left:0px\"><img decoding=\"async\" data-attachment-id=\"785\" data-permalink=\"https:\/\/babekenergia.hu\/?attachment_id=785\" data-orig-file=\"https:\/\/babekenergia.hu\/wp-content\/uploads\/2025\/06\/Greetings-from-our-CEO-21.svg\" data-orig-size=\"1366,768\" data-comments-opened=\"1\" data-image-meta=\"[]\" data-image-title=\"Greetings from our CEO (21)\" data-image-description=\"\" data-image-caption=\"\" data-large-file=\"https:\/\/babekenergia.hu\/wp-content\/uploads\/2025\/06\/Greetings-from-our-CEO-21.svg\" src=\"https:\/\/babekenergia.hu\/wp-content\/uploads\/2025\/06\/Greetings-from-our-CEO-21.svg\" alt=\"\" class=\"wp-image-785\"\/><\/figure>\n","protected":false},"excerpt":{"rendered":"","protected":false},"author":258109017,"featured_media":0,"parent":0,"menu_order":0,"comment_status":"closed","ping_status":"closed","template":"","meta":{"_crdt_document":"","advanced_seo_description":"","jetpack_seo_html_title":"","jetpack_seo_noindex":false,"footnotes":""},"class_list":["post-560","page","type-page","status-publish","hentry"],"jetpack_likes_enabled":true,"jetpack_sharing_enabled":true,"jetpack_shortlink":"https:\/\/wp.me\/Pga33P-92","jetpack-related-posts":[{"id":449,"url":"https:\/\/babekenergia.hu\/?page_id=449","url_meta":{"origin":560,"position":0},"title":"Cikkek N\u00f6veked\u00e9s.hu Bemutatkozott Magyarorsz\u00e1g els\u0151,\u2026","author":"energiakozosseg0e2c2004ab","date":"2025.01.23.","format":false,"excerpt":"Cikkek N\u00f6veked\u00e9s.hu Bemutatkozott Magyarorsz\u00e1g els\u0151, \u00fczemszer\u0171 m\u0171k\u00f6d\u00e9sre k\u00e9pes \u00e9s MEKH \u00e1ltal hivatalosan is bejegyzett energiak\u00f6z\u00f6ss\u00e9ge. B\u0151vebben 24.hu B\u00e1bolna \u00f6nkorm\u00e1nyzati int\u00e9zm\u00e9nyeiben megc\u00e9lozt\u00e1k a nulla forintos rezsit B\u0151vebben Magyar Nemzet B\u00e1boln\u00e1n \u00fatj\u00e1ra indult a haz\u00e1nkban egyed\u00fcl\u00e1ll\u00f3, de vil\u00e1gszerte is ritka kezdem\u00e9nyez\u00e9s, amelynek c\u00e9lja, hogy a helyben megtermelt \u00e1ramot helyben is fogyassz\u00e1k el.\u2026","rel":"","context":"Similar post","block_context":{"text":"Similar post","link":""},"img":{"alt_text":"","src":"https:\/\/babekenergia.hu\/wp-content\/uploads\/2025\/06\/Greetings-from-our-CEO-39.svg","width":350,"height":200,"srcset":"https:\/\/babekenergia.hu\/wp-content\/uploads\/2025\/06\/Greetings-from-our-CEO-39.svg 1x, https:\/\/babekenergia.hu\/wp-content\/uploads\/2025\/06\/Greetings-from-our-CEO-39.svg 1.5x, https:\/\/babekenergia.hu\/wp-content\/uploads\/2025\/06\/Greetings-from-our-CEO-39.svg 2x, https:\/\/babekenergia.hu\/wp-content\/uploads\/2025\/06\/Greetings-from-our-CEO-39.svg 3x"},"classes":[]}],"_links":{"self":[{"href":"https:\/\/babekenergia.hu\/index.php?rest_route=\/wp\/v2\/pages\/560","targetHints":{"allow":["GET"]}}],"collection":[{"href":"https:\/\/babekenergia.hu\/index.php?rest_route=\/wp\/v2\/pages"}],"about":[{"href":"https:\/\/babekenergia.hu\/index.php?rest_route=\/wp\/v2\/types\/page"}],"author":[{"embeddable":true,"href":"https:\/\/babekenergia.hu\/index.php?rest_route=\/wp\/v2\/users\/258109017"}],"replies":[{"embeddable":true,"href":"https:\/\/babekenergia.hu\/index.php?rest_route=%2Fwp%2Fv2%2Fcomments&post=560"}],"version-history":[{"count":6,"href":"https:\/\/babekenergia.hu\/index.php?rest_route=\/wp\/v2\/pages\/560\/revisions"}],"predecessor-version":[{"id":790,"href":"https:\/\/babekenergia.hu\/index.php?rest_route=\/wp\/v2\/pages\/560\/revisions\/790"}],"wp:attachment":[{"href":"https:\/\/babekenergia.hu\/index.php?rest_route=%2Fwp%2Fv2%2Fmedia&parent=560"}],"curies":[{"name":"wp","href":"https:\/\/api.w.org\/{rel}","templated":true}]}}